{"id":21398,"date":"2023-05-14T15:37:49","date_gmt":"2023-05-14T13:37:49","guid":{"rendered":"https:\/\/lxpod.pt\/como-reservar\/"},"modified":"2026-01-22T16:22:49","modified_gmt":"2026-01-22T15:22:49","slug":"como-reservar","status":"publish","type":"page","link":"https:\/\/lxpod.pt\/pt-pt\/como-reservar\/","title":{"rendered":"Como reservar"},"content":{"rendered":"<div class=\"wpb-content-wrapper\"><p>[vc_row css_animation=&#8221;&#8221; row_type=&#8221;row&#8221; use_row_as_full_screen_section=&#8221;no&#8221; type=&#8221;grid&#8221; angled_section=&#8221;no&#8221; text_align=&#8221;left&#8221; background_image_as_pattern=&#8221;without_pattern&#8221; background_color=&#8221;#ffffff&#8221; z_index=&#8221;&#8221; padding_bottom=&#8221;32&#8243; padding_top=&#8221;32&#8243;][vc_column][vc_column_text]<\/p>\n<h2 style=\"text-align: center;\">COMO RESERVAR<\/h2>\n<p>[\/vc_column_text][vc_separator type=&#8221;small&#8221; position=&#8221;center&#8221;][vc_column_text css=&#8221;&#8221;]<\/p>\n<p style=\"text-align: center;\"><strong>MODELO DE CONTRATO E REGULAMENTO INTERNO<\/strong><\/p>\n<p style=\"text-align: center;\">Antes de efectuar a reserva, recomendamos que leia atentamente o contrato e as condi\u00e7\u00f5es do regulamento interno abaixo indicados. Todos os anfitri\u00f5es ter\u00e3o de assinar estes documentos na fase de reserva.<\/p>\n<p>&nbsp;<\/p>\n<p style=\"text-align: center;\"><a href=\"https:\/\/lxpod.pt\/wp-content\/uploads\/2024\/04\/All-residences-Model-of-contract-2024-25-5.pdf\" target=\"_blank\" rel=\"noopener\"><strong>Modelo de contrato<\/strong><\/a><\/p>\n<p style=\"text-align: center;\"><a href=\"https:\/\/lxpod.pt\/wp-content\/uploads\/2023\/05\/LX-Pod-MartimMoniz-Reg-2023.pdf\" target=\"_blank\" rel=\"noopener\"><strong>Regulamento Interno &#8211; Martim Moniz<\/strong><\/a><\/p>\n<p>&nbsp;<\/p>\n<p style=\"text-align: center;\"><strong>REQUISITOS M\u00cdNIMOS A RESPEITAR<\/strong><\/p>\n<p style=\"text-align: center;\">As resid\u00eancias Lx Pod s\u00e3o reservadas a pessoas com idades compreendidas entre os 18 e os 30 anos. Todos os quartos s\u00e3o exclusivamente para uso individual &#8211; n\u00e3o s\u00e3o permitidos casais.<\/p>\n<p style=\"text-align: center;\">O per\u00edodo m\u00ednimo normal de estadia \u00e9 de 6 meses. Para as dura\u00e7\u00f5es inferiores, o pre\u00e7o do aluguer est\u00e1 sujeito a um aumento de 30 a 50%.<\/p>\n<p>&nbsp;<\/p>\n<p style=\"text-align: center;\"><strong>PROCESSO DE RESERVA E CONDI\u00c7\u00d5ES DE PAGAMENTO<\/strong><\/p>\n<p style=\"text-align: center;\">Depois de preencher o formul\u00e1rio abaixo, receber\u00e1 uma resposta da direc\u00e7\u00e3o da LX Pod no prazo de 5 dias para aprovar (ou n\u00e3o) a sua candidatura. Se a resposta for positiva, ser\u00e1 obrigado a assinar o contrato e o regulamento interno e a pagar o dep\u00f3sito de aluguer de 500 EUR. Esta cau\u00e7\u00e3o ser-lhe-\u00e1 reembolsada no momento do check-out, desde que o quarto seja deixado nas mesmas condi\u00e7\u00f5es em que foi registado.<\/p>\n<p style=\"text-align: center;\">A sua renda deve ser paga at\u00e9 ao primeiro dia do m\u00eas &#8211; Aten\u00e7\u00e3o: S\u00e3o aplicadas taxas de atraso!<\/p>\n<p>[\/vc_column_text][\/vc_column][\/vc_row][vc_row css_animation=&#8221;&#8221; row_type=&#8221;row&#8221; use_row_as_full_screen_section=&#8221;no&#8221; type=&#8221;grid&#8221; angled_section=&#8221;no&#8221; text_align=&#8221;left&#8221; background_image_as_pattern=&#8221;without_pattern&#8221; background_color=&#8221;#ffffff&#8221; z_index=&#8221;&#8221; padding_bottom=&#8221;32&#8243; padding_top=&#8221;32&#8243;][vc_column][vc_column_text]<\/p>\n<p style=\"text-align: center;\"><strong>Preencha os seus dados abaixo e entraremos em contacto consigo para confirmar a sua reserva<\/strong><\/p>\n<p>[\/vc_column_text]\n<div class=\"wpcf7 no-js\" id=\"wpcf7-f23160-o1\" lang=\"pt-PT\" dir=\"ltr\" data-wpcf7-id=\"23160\">\n<div class=\"screen-reader-response\"><p role=\"status\" aria-live=\"polite\" aria-atomic=\"true\"><\/p> <ul><\/ul><\/div>\n<form action=\"\/pt-pt\/wp-json\/wp\/v2\/pages\/21398#wpcf7-f23160-o1\" method=\"post\" class=\"wpcf7-form init cf7_custom_style_1\" aria-label=\"Formul\u00e1rio de contacto\" enctype=\"multipart\/form-data\" novalidate=\"novalidate\" data-status=\"init\">\n<fieldset class=\"hidden-fields-container\"><input type=\"hidden\" name=\"_wpcf7\" value=\"23160\" \/><input type=\"hidden\" name=\"_wpcf7_version\" value=\"6.1.5\" \/><input type=\"hidden\" name=\"_wpcf7_locale\" value=\"pt_PT\" \/><input type=\"hidden\" name=\"_wpcf7_unit_tag\" value=\"wpcf7-f23160-o1\" \/><input type=\"hidden\" name=\"_wpcf7_container_post\" value=\"0\" \/><input type=\"hidden\" name=\"_wpcf7_posted_data_hash\" value=\"\" \/>\n<\/fieldset>\n<p>Resid\u00eancia de interesse\n<\/p>\n<p><span class=\"wpcf7-form-control-wrap\" data-name=\"residence-of-interest\"><select class=\"wpcf7-form-control wpcf7-select\" aria-invalid=\"false\" name=\"residence-of-interest\"><option value=\"Rossio\">Rossio<\/option><option value=\"Marqu\u00eas\">Marqu\u00eas<\/option><\/select><\/span>\n<\/p>\n<p>Data de entrada\n<\/p>\n<p><span class=\"wpcf7-form-control-wrap\" data-name=\"date-1\"><input class=\"wpcf7-form-control wpcf7-date wpcf7-validates-as-date\" aria-invalid=\"false\" value=\"\" type=\"date\" name=\"date-1\" \/><\/span>\n<\/p>\n<p>Dura\u00e7\u00e3o da estadia\n<\/p>\n<p><span class=\"wpcf7-form-control-wrap\" data-name=\"length-of-stay\"><input size=\"40\" maxlength=\"400\" class=\"wpcf7-form-control wpcf7-text\" aria-invalid=\"false\" value=\"\" type=\"text\" name=\"length-of-stay\" \/><\/span>\n<\/p>\n<p>Nome pr\u00f3prio (obrigat\u00f3rio)\n<\/p>\n<p><span class=\"wpcf7-form-control-wrap\" data-name=\"your-first-name\"><input size=\"40\" maxlength=\"400\" class=\"wpcf7-form-control wpcf7-text wpcf7-validates-as-required\" aria-required=\"true\" aria-invalid=\"false\" value=\"\" type=\"text\" name=\"your-first-name\" \/><\/span>\n<\/p>\n<p>Apelido (obrigat\u00f3rio)\n<\/p>\n<p><span class=\"wpcf7-form-control-wrap\" data-name=\"your-last-name\"><input size=\"40\" maxlength=\"400\" class=\"wpcf7-form-control wpcf7-text wpcf7-validates-as-required\" aria-required=\"true\" aria-invalid=\"false\" value=\"\" type=\"text\" name=\"your-last-name\" \/><\/span>\n<\/p>\n<p>O seu e-mail (obrigat\u00f3rio)\n<\/p>\n<p><span class=\"wpcf7-form-control-wrap\" data-name=\"your-email\"><input size=\"40\" maxlength=\"400\" class=\"wpcf7-form-control wpcf7-email wpcf7-validates-as-required wpcf7-text wpcf7-validates-as-email\" aria-required=\"true\" aria-invalid=\"false\" value=\"\" type=\"email\" name=\"your-email\" \/><\/span>\n<\/p>\n<p>Telefone\n<\/p>\n<p><span class=\"wpcf7-form-control-wrap\" data-name=\"your-phone\"><input size=\"40\" maxlength=\"400\" class=\"wpcf7-form-control wpcf7-tel wpcf7-text wpcf7-validates-as-tel\" aria-invalid=\"false\" value=\"\" type=\"tel\" name=\"your-phone\" \/><\/span>\n<\/p>\n<p>Quartos seleccionados (por ordem de prioridade)\n<\/p>\n<p><span class=\"wpcf7-form-control-wrap\" data-name=\"rooms-selected\"><input size=\"40\" maxlength=\"400\" class=\"wpcf7-form-control wpcf7-text\" aria-invalid=\"false\" value=\"\" type=\"text\" name=\"rooms-selected\" \/><\/span>\n<\/p>\n<p>Como \u00e9 que soube de n\u00f3s? (obrigat\u00f3rio)\n<\/p>\n<p><span class=\"wpcf7-form-control-wrap\" data-name=\"menu-383\"><select class=\"wpcf7-form-control wpcf7-select wpcf7-validates-as-required\" aria-required=\"true\" aria-invalid=\"false\" name=\"menu-383\"><option value=\"Google or other internet research\">Google or other internet research<\/option><option value=\"Friends\">Friends<\/option><option value=\"Facebook, Instagram, etc.\">Facebook, Instagram, etc.<\/option><option value=\"Others\">Others<\/option><\/select><\/span>\n<\/p>\n<p>Como gostaria de ser contactado?\n<\/p>\n<p><span class=\"wpcf7-form-control-wrap\" data-name=\"get-contacted\"><span class=\"wpcf7-form-control wpcf7-checkbox\"><span class=\"wpcf7-list-item first\"><input type=\"checkbox\" name=\"get-contacted[]\" value=\"Email\" \/><span class=\"wpcf7-list-item-label\">Email<\/span><\/span><span class=\"wpcf7-list-item last\"><input type=\"checkbox\" name=\"get-contacted[]\" value=\"Whatsapp\" \/><span class=\"wpcf7-list-item-label\">Whatsapp<\/span><\/span><\/span><\/span>\n<\/p>\n<p>N\u00famero de telefone para contacto whatsapp\n<\/p>\n<p><span class=\"wpcf7-form-control-wrap\" data-name=\"phone-number-for-whatsapp\"><input size=\"40\" maxlength=\"400\" class=\"wpcf7-form-control wpcf7-text\" aria-invalid=\"false\" value=\"\" type=\"text\" name=\"phone-number-for-whatsapp\" \/><\/span>\n<\/p>\n<p>Descarregue os seus documentos: BI com morada, n\u00famero de contribuinte de PT, autoriza\u00e7\u00e3o de resid\u00eancia, se aplic\u00e1vel\n<\/p>\n<p><span class=\"wpcf7-form-control-wrap\" data-name=\"your-file-1\"><input size=\"40\" class=\"wpcf7-form-control wpcf7-file\" accept=\".doc,.docx,.jpeg,.png,.pdf,.jpg\" aria-invalid=\"false\" type=\"file\" name=\"your-file-1\" \/><\/span>\n<\/p>\n<p><span class=\"wpcf7-form-control-wrap\" data-name=\"your-file-2\"><input size=\"40\" class=\"wpcf7-form-control wpcf7-file\" accept=\".doc,.docx,.jpeg,.png,.pdf,.jpg\" aria-invalid=\"false\" type=\"file\" name=\"your-file-2\" \/><\/span><br \/>\n<span class=\"wpcf7-form-control-wrap\" data-name=\"your-file-3\"><input size=\"40\" class=\"wpcf7-form-control wpcf7-file\" accept=\".doc,.docx,.jpeg,.png,.pdf,.jpg\" aria-invalid=\"false\" type=\"file\" name=\"your-file-3\" \/><\/span>\n<\/p>\n<p>Assunto (obrigat\u00f3rio)\n<\/p>\n<p><span class=\"wpcf7-form-control-wrap\" data-name=\"your-subject\"><input size=\"40\" maxlength=\"400\" class=\"wpcf7-form-control wpcf7-text wpcf7-validates-as-required\" aria-required=\"true\" aria-invalid=\"false\" value=\"\" type=\"text\" name=\"your-subject\" \/><\/span>\n<\/p>\n<p>A sua mensagem\n<\/p>\n<p><span class=\"wpcf7-form-control-wrap\" data-name=\"your-message\"><textarea cols=\"40\" rows=\"10\" maxlength=\"2000\" class=\"wpcf7-form-control wpcf7-textarea\" aria-invalid=\"false\" name=\"your-message\"><\/textarea><\/span>\n<\/p>\n<p><input class=\"wpcf7-form-control wpcf7-submit has-spinner\" type=\"submit\" value=\"Send\" \/>\n<\/p><div class=\"wpcf7-response-output\" aria-hidden=\"true\"><\/div>\n<\/form>\n<\/div>\n[\/vc_column][\/vc_row]<\/p>\n<\/div>","protected":false},"excerpt":{"rendered":"<p>[vc_row css_animation=&#8221;&#8221; row_type=&#8221;row&#8221; use_row_as_full_screen_section=&#8221;no&#8221; type=&#8221;grid&#8221; angled_section=&#8221;no&#8221; text_align=&#8221;left&#8221; background_image_as_pattern=&#8221;without_pattern&#8221; background_color=&#8221;#ffffff&#8221; z_index=&#8221;&#8221; padding_bottom=&#8221;32&#8243; padding_top=&#8221;32&#8243;][vc_column][vc_column_text] COMO RESERVAR [\/vc_column_text][vc_separator type=&#8221;small&#8221; position=&#8221;center&#8221;][vc_column_text css=&#8221;&#8221;] MODELO DE CONTRATO E REGULAMENTO INTERNO Antes de efectuar a reserva, recomendamos que leia atentamente o contrato e as condi\u00e7\u00f5es do regulamento interno abaixo indicados. Todos os&#8230;<\/p>\n","protected":false},"author":3,"featured_media":0,"parent":0,"menu_order":0,"comment_status":"open","ping_status":"open","template":"full_width.php","meta":{"footnotes":""},"class_list":["post-21398","page","type-page","status-publish","hentry"],"yoast_head":"<!-- This site is optimized with the Yoast SEO plugin v27.2 - https:\/\/yoast.com\/product\/yoast-seo-wordpress\/ -->\n<title>Como reservar - LxPod<\/title>\n<meta name=\"robots\" content=\"index, follow, max-snippet:-1, max-image-preview:large, max-video-preview:-1\" \/>\n<link rel=\"canonical\" href=\"https:\/\/lxpod.pt\/pt-pt\/como-reservar\/\" \/>\n<meta property=\"og:locale\" content=\"pt_PT\" \/>\n<meta property=\"og:type\" content=\"article\" \/>\n<meta property=\"og:title\" content=\"Como reservar - LxPod\" \/>\n<meta property=\"og:description\" content=\"[vc_row css_animation=&#8221;&#8221; row_type=&#8221;row&#8221; use_row_as_full_screen_section=&#8221;no&#8221; type=&#8221;grid&#8221; angled_section=&#8221;no&#8221; text_align=&#8221;left&#8221; background_image_as_pattern=&#8221;without_pattern&#8221; background_color=&#8221;#ffffff&#8221; z_index=&#8221;&#8221; padding_bottom=&#8221;32&#8243; padding_top=&#8221;32&#8243;][vc_column][vc_column_text] COMO RESERVAR [\/vc_column_text][vc_separator type=&#8221;small&#8221; position=&#8221;center&#8221;][vc_column_text css=&#8221;&#8221;] MODELO DE CONTRATO E REGULAMENTO INTERNO Antes de efectuar a reserva, recomendamos que leia atentamente o contrato e as condi\u00e7\u00f5es do regulamento interno abaixo indicados. Todos os...\" \/>\n<meta property=\"og:url\" content=\"https:\/\/lxpod.pt\/pt-pt\/como-reservar\/\" \/>\n<meta property=\"og:site_name\" content=\"LxPod\" \/>\n<meta property=\"article:modified_time\" content=\"2026-01-22T15:22:49+00:00\" \/>\n<meta property=\"og:image\" content=\"https:\/\/lxpod.pt\/wp-content\/uploads\/2023\/02\/Lxpod-Logo-1.png\" \/>\n\t<meta property=\"og:image:width\" content=\"1489\" \/>\n\t<meta property=\"og:image:height\" content=\"521\" \/>\n\t<meta property=\"og:image:type\" content=\"image\/png\" \/>\n<meta name=\"twitter:card\" content=\"summary_large_image\" \/>\n<meta name=\"twitter:label1\" content=\"Tempo estimado de leitura\" \/>\n\t<meta name=\"twitter:data1\" content=\"2 minutos\" \/>\n<script type=\"application\/ld+json\" class=\"yoast-schema-graph\">{\"@context\":\"https:\/\/schema.org\",\"@graph\":[{\"@type\":\"WebPage\",\"@id\":\"https:\/\/lxpod.pt\/pt-pt\/como-reservar\/\",\"url\":\"https:\/\/lxpod.pt\/pt-pt\/como-reservar\/\",\"name\":\"Como reservar - LxPod\",\"isPartOf\":{\"@id\":\"https:\/\/lxpod.pt\/pt-pt\/#website\"},\"datePublished\":\"2023-05-14T13:37:49+00:00\",\"dateModified\":\"2026-01-22T15:22:49+00:00\",\"breadcrumb\":{\"@id\":\"https:\/\/lxpod.pt\/pt-pt\/como-reservar\/#breadcrumb\"},\"inLanguage\":\"pt-PT\",\"potentialAction\":[{\"@type\":\"ReadAction\",\"target\":[\"https:\/\/lxpod.pt\/pt-pt\/como-reservar\/\"]}]},{\"@type\":\"BreadcrumbList\",\"@id\":\"https:\/\/lxpod.pt\/pt-pt\/como-reservar\/#breadcrumb\",\"itemListElement\":[{\"@type\":\"ListItem\",\"position\":1,\"name\":\"Accueil\",\"item\":\"https:\/\/lxpod.pt\/pt-pt\/inicio\/\"},{\"@type\":\"ListItem\",\"position\":2,\"name\":\"Como reservar\"}]},{\"@type\":\"WebSite\",\"@id\":\"https:\/\/lxpod.pt\/pt-pt\/#website\",\"url\":\"https:\/\/lxpod.pt\/pt-pt\/\",\"name\":\"LxPod\",\"description\":\"\",\"publisher\":{\"@id\":\"https:\/\/lxpod.pt\/pt-pt\/#organization\"},\"potentialAction\":[{\"@type\":\"SearchAction\",\"target\":{\"@type\":\"EntryPoint\",\"urlTemplate\":\"https:\/\/lxpod.pt\/pt-pt\/?s={search_term_string}\"},\"query-input\":{\"@type\":\"PropertyValueSpecification\",\"valueRequired\":true,\"valueName\":\"search_term_string\"}}],\"inLanguage\":\"pt-PT\"},{\"@type\":\"Organization\",\"@id\":\"https:\/\/lxpod.pt\/pt-pt\/#organization\",\"name\":\"LxPod\",\"url\":\"https:\/\/lxpod.pt\/pt-pt\/\",\"logo\":{\"@type\":\"ImageObject\",\"inLanguage\":\"pt-PT\",\"@id\":\"https:\/\/lxpod.pt\/pt-pt\/#\/schema\/logo\/image\/\",\"url\":\"https:\/\/lxpod.pt\/wp-content\/uploads\/2023\/02\/Lxpod-Favicon.png\",\"contentUrl\":\"https:\/\/lxpod.pt\/wp-content\/uploads\/2023\/02\/Lxpod-Favicon.png\",\"width\":136,\"height\":136,\"caption\":\"LxPod\"},\"image\":{\"@id\":\"https:\/\/lxpod.pt\/pt-pt\/#\/schema\/logo\/image\/\"}}]}<\/script>\n<!-- \/ Yoast SEO plugin. -->","yoast_head_json":{"title":"Como reservar - LxPod","robots":{"index":"index","follow":"follow","max-snippet":"max-snippet:-1","max-image-preview":"max-image-preview:large","max-video-preview":"max-video-preview:-1"},"canonical":"https:\/\/lxpod.pt\/pt-pt\/como-reservar\/","og_locale":"pt_PT","og_type":"article","og_title":"Como reservar - LxPod","og_description":"[vc_row css_animation=&#8221;&#8221; row_type=&#8221;row&#8221; use_row_as_full_screen_section=&#8221;no&#8221; type=&#8221;grid&#8221; angled_section=&#8221;no&#8221; text_align=&#8221;left&#8221; background_image_as_pattern=&#8221;without_pattern&#8221; background_color=&#8221;#ffffff&#8221; z_index=&#8221;&#8221; padding_bottom=&#8221;32&#8243; padding_top=&#8221;32&#8243;][vc_column][vc_column_text] COMO RESERVAR [\/vc_column_text][vc_separator type=&#8221;small&#8221; position=&#8221;center&#8221;][vc_column_text css=&#8221;&#8221;] MODELO DE CONTRATO E REGULAMENTO INTERNO Antes de efectuar a reserva, recomendamos que leia atentamente o contrato e as condi\u00e7\u00f5es do regulamento interno abaixo indicados. Todos os...","og_url":"https:\/\/lxpod.pt\/pt-pt\/como-reservar\/","og_site_name":"LxPod","article_modified_time":"2026-01-22T15:22:49+00:00","og_image":[{"width":1489,"height":521,"url":"https:\/\/lxpod.pt\/wp-content\/uploads\/2023\/02\/Lxpod-Logo-1.png","type":"image\/png"}],"twitter_card":"summary_large_image","twitter_misc":{"Tempo estimado de leitura":"2 minutos"},"schema":{"@context":"https:\/\/schema.org","@graph":[{"@type":"WebPage","@id":"https:\/\/lxpod.pt\/pt-pt\/como-reservar\/","url":"https:\/\/lxpod.pt\/pt-pt\/como-reservar\/","name":"Como reservar - LxPod","isPartOf":{"@id":"https:\/\/lxpod.pt\/pt-pt\/#website"},"datePublished":"2023-05-14T13:37:49+00:00","dateModified":"2026-01-22T15:22:49+00:00","breadcrumb":{"@id":"https:\/\/lxpod.pt\/pt-pt\/como-reservar\/#breadcrumb"},"inLanguage":"pt-PT","potentialAction":[{"@type":"ReadAction","target":["https:\/\/lxpod.pt\/pt-pt\/como-reservar\/"]}]},{"@type":"BreadcrumbList","@id":"https:\/\/lxpod.pt\/pt-pt\/como-reservar\/#breadcrumb","itemListElement":[{"@type":"ListItem","position":1,"name":"Accueil","item":"https:\/\/lxpod.pt\/pt-pt\/inicio\/"},{"@type":"ListItem","position":2,"name":"Como reservar"}]},{"@type":"WebSite","@id":"https:\/\/lxpod.pt\/pt-pt\/#website","url":"https:\/\/lxpod.pt\/pt-pt\/","name":"LxPod","description":"","publisher":{"@id":"https:\/\/lxpod.pt\/pt-pt\/#organization"},"potentialAction":[{"@type":"SearchAction","target":{"@type":"EntryPoint","urlTemplate":"https:\/\/lxpod.pt\/pt-pt\/?s={search_term_string}"},"query-input":{"@type":"PropertyValueSpecification","valueRequired":true,"valueName":"search_term_string"}}],"inLanguage":"pt-PT"},{"@type":"Organization","@id":"https:\/\/lxpod.pt\/pt-pt\/#organization","name":"LxPod","url":"https:\/\/lxpod.pt\/pt-pt\/","logo":{"@type":"ImageObject","inLanguage":"pt-PT","@id":"https:\/\/lxpod.pt\/pt-pt\/#\/schema\/logo\/image\/","url":"https:\/\/lxpod.pt\/wp-content\/uploads\/2023\/02\/Lxpod-Favicon.png","contentUrl":"https:\/\/lxpod.pt\/wp-content\/uploads\/2023\/02\/Lxpod-Favicon.png","width":136,"height":136,"caption":"LxPod"},"image":{"@id":"https:\/\/lxpod.pt\/pt-pt\/#\/schema\/logo\/image\/"}}]}},"_links":{"self":[{"href":"https:\/\/lxpod.pt\/pt-pt\/wp-json\/wp\/v2\/pages\/21398","targetHints":{"allow":["GET"]}}],"collection":[{"href":"https:\/\/lxpod.pt\/pt-pt\/wp-json\/wp\/v2\/pages"}],"about":[{"href":"https:\/\/lxpod.pt\/pt-pt\/wp-json\/wp\/v2\/types\/page"}],"author":[{"embeddable":true,"href":"https:\/\/lxpod.pt\/pt-pt\/wp-json\/wp\/v2\/users\/3"}],"replies":[{"embeddable":true,"href":"https:\/\/lxpod.pt\/pt-pt\/wp-json\/wp\/v2\/comments?post=21398"}],"version-history":[{"count":14,"href":"https:\/\/lxpod.pt\/pt-pt\/wp-json\/wp\/v2\/pages\/21398\/revisions"}],"predecessor-version":[{"id":25254,"href":"https:\/\/lxpod.pt\/pt-pt\/wp-json\/wp\/v2\/pages\/21398\/revisions\/25254"}],"wp:attachment":[{"href":"https:\/\/lxpod.pt\/pt-pt\/wp-json\/wp\/v2\/media?parent=21398"}],"curies":[{"name":"wp","href":"https:\/\/api.w.org\/{rel}","templated":true}]}}