{"id":21835,"date":"2023-05-14T14:58:10","date_gmt":"2023-05-14T12:58:10","guid":{"rendered":"https:\/\/lxpod.pt\/faq\/"},"modified":"2023-06-12T16:49:10","modified_gmt":"2023-06-12T14:49:10","slug":"faq","status":"publish","type":"page","link":"https:\/\/lxpod.pt\/pt-pt\/faq\/","title":{"rendered":"FAQ"},"content":{"rendered":"<div class=\"wpb-content-wrapper\"><p>[vc_row css_animation=&#8221;&#8221; row_type=&#8221;row&#8221; use_row_as_full_screen_section=&#8221;no&#8221; type=&#8221;grid&#8221; angled_section=&#8221;no&#8221; text_align=&#8221;left&#8221; background_image_as_pattern=&#8221;without_pattern&#8221; background_color=&#8221;#ffffff&#8221; z_index=&#8221;&#8221; padding_bottom=&#8221;32&#8243; padding_top=&#8221;32&#8243;][vc_column][vc_column_text]<\/p>\n<h2 style=\"text-align: center;\">FAQ<\/h2>\n<p>[\/vc_column_text][vc_separator type=&#8221;small&#8221; position=&#8221;center&#8221;][vc_column_text]<\/p>\n<p style=\"font-size: 15px; text-align: justify;\"><strong>Como posso efectuar uma reserva?<\/strong><\/p>\n<p style=\"font-size: 15px; text-align: justify; padding-left: 40px;\">a) Ler estas FAQ e <a href=\"https:\/\/lxpod.pt\/pt-pt\/como-reservar\/\" target=\"_blank\" rel=\"noopener\"><br \/>\n  <strong>Contrato e Regulamento Interno<\/strong><br \/>\n<\/a> para compreender todas as condi\u00e7\u00f5es<br \/>\nb) Navegar no nosso s\u00edtio Web e seleccionar as suas prefer\u00eancias<br \/>\nc) Preencher o nosso <strong>FORMUL\u00c1RIO<\/strong> com as informa\u00e7\u00f5es adequadas. Descarregar os seus documentos<br \/>\nd) Aguardar a nossa resposta e proceder \u00e0 reserva atrav\u00e9s da assinatura <a href=\"https:\/\/lxpod.pt\/pt-pt\/como-reservar\/\" target=\"_blank\" rel=\"noopener\"><br \/>\n  <strong>Contrato e Regulamento Interno<\/strong><br \/>\n<\/a> e enviando o dep\u00f3sito<br \/>\ne) Marque o seu check-in<br \/>\nf) Chegar, assinar o contrato, verificar o seu quarto e receber as chaves<br \/>\ng) DESFRUTAR!<\/p>\n<p>&nbsp;<\/p>\n<p style=\"font-size: 15px; text-align: justify;\"><strong>Quais s\u00e3o as principais condi\u00e7\u00f5es \/ regras para qualquer inquilino?<\/strong><\/p>\n<p style=\"font-size: 15px; text-align: justify; padding-left: 40px;\">Todos os arrendat\u00e1rios est\u00e3o vinculados pelas informa\u00e7\u00f5es inclu\u00eddas no <a href=\"https:\/\/lxpod.pt\/pt-pt\/como-reservar\/\" target=\"_blank\" rel=\"noopener\"><strong><span style=\"text-decoration: underline;\">contrato<\/span> <\/strong>e<\/a> no <a href=\"https:\/\/lxpod.pt\/pt-pt\/como-reservar\/\" target=\"_blank\" rel=\"noopener\"> <strong><span style=\"text-decoration: underline;\">regulamento interno<\/span><\/strong><\/a>.<\/p>\n<p>&nbsp;<\/p>\n<p style=\"font-size: 15px; text-align: justify;\"><strong>O que acontece ao meu dep\u00f3sito se eu cancelar o meu lugar?<\/strong><\/p>\n<p style=\"font-size: 15px; text-align: justify; padding-left: 40px;\">Em caso de cancelamento (a menos de 2 meses do check-in) ou de &#8220;n\u00e3o compar\u00eancia&#8221;, n\u00e3o ser\u00e1 reembolsado.<\/p>\n<p>&nbsp;<\/p>\n<p style=\"font-size: 15px; text-align: justify;\"><strong>Posso prolongar\/encurtar a dura\u00e7\u00e3o do meu contrato?<\/strong><\/p>\n<p style=\"font-size: 15px; text-align: justify; padding-left: 40px;\">Todos os contratos podem ser alterados mediante aviso pr\u00e9vio no prazo de 60 dias antes do termo do contrato e em fun\u00e7\u00e3o das disponibilidades.<\/p>\n<p>&nbsp;<\/p>\n<p style=\"font-size: 15px; text-align: justify;\"><strong>Disp\u00f5em de pessoal no local?<\/strong><\/p>\n<p style=\"font-size: 15px; text-align: justify; padding-left: 40px;\">Sim, o pessoal de manuten\u00e7\u00e3o, limpeza e &#8220;boas-vindas&#8221; est\u00e1 dispon\u00edvel em hor\u00e1rios espec\u00edficos, anunciados no painel de entrada dos edif\u00edcios.<\/p>\n<p>&nbsp;<\/p>\n<p style=\"font-size: 15px; text-align: justify;\"><strong>E quanto \u00e0 seguran\u00e7a?<\/strong><\/p>\n<p style=\"font-size: 15px; text-align: justify; padding-left: 40px;\">Na resid\u00eancia Martim Moniz, devido ao n\u00famero significativo de h\u00f3spedes, temos v\u00eddeo CCTV no local e acesso controlado. Tanto o Martim Moniz como a Ajuda est\u00e3o situados num bairro muito tranquilo e tradicional.<\/p>\n<p>&nbsp;<\/p>\n<p style=\"font-size: 15px; text-align: justify;\"><strong>Como \u00e9 que \u00e9 um apartamento t\u00edpico?<\/strong><\/p>\n<p style=\"font-size: 15px; text-align: justify; padding-left: 40px;\">Normalmente, fornecemos o essencial para viver aqui: mobili\u00e1rio, electricidade e \u00e1gua (subs\u00eddio mensal ver <strong>Regulamento Interno<\/strong>), cozinhas e casas de banho totalmente equipadas por apartamento. Tamb\u00e9m dispomos de Wi-Fi.<\/p>\n<p>&nbsp;<\/p>\n<p style=\"font-size: 15px; text-align: justify;\"><strong>Existe uma m\u00e1quina de lavar roupa por apartamento?<\/strong><\/p>\n<p style=\"font-size: 15px; text-align: justify; padding-left: 40px;\">No Martim Moniz, h\u00e1 uma esta\u00e7\u00e3o de lavandaria alimentada por moedas dispon\u00edvel 24\/24 horas na esta\u00e7\u00e3o de lavandaria self-service da cave. Na Ajuda, existem 2 lavandarias dispon\u00edveis das 7h \u00e0s 22h, a 3 minutos a p\u00e9 da resid\u00eancia; al\u00e9m disso, os apartamentos est\u00e3o equipados com linhas de lavandaria exteriores.<\/p>\n<p>&nbsp;<\/p>\n<p style=\"font-size: 15px; text-align: justify;\"><strong>Posso personalizar ou acrescentar caracter\u00edsticas ao meu quarto?<\/strong><\/p>\n<p style=\"font-size: 15px; text-align: justify; padding-left: 40px;\">Somos flex\u00edveis, dentro do razo\u00e1vel, relativamente a esta quest\u00e3o, desde que n\u00e3o fa\u00e7a buracos na parede ou danifique permanentemente a propriedade.<\/p>\n<p>&nbsp;<\/p>\n<p style=\"font-size: 15px; text-align: justify;\"><strong>Quem \u00e9 respons\u00e1vel pela limpeza?<\/strong><\/p>\n<p style=\"font-size: 15px; text-align: justify; padding-left: 40px;\">Prestamos <span style=\"text-decoration: underline;\">servi\u00e7os b\u00e1sicos de limpeza nas \u00e1reas comuns<\/span> (CORREDORES\/COZINHAS\/BANHEIROS\/ESTACION\u00c1RIOS) e esperamos que os inquilinos cuidem dos seus pr\u00f3prios QUARTOS e mantenham as CONDI\u00c7\u00d5ES GERAIS (deitar fora o lixo, lavar a loi\u00e7a, manter tudo arrumado e limpo). Podem ser prestados servi\u00e7os de limpeza adicionais mediante o pagamento de uma taxa acordada directamente com o pessoal de limpeza.<\/p>\n<p>&nbsp;<\/p>\n<p style=\"font-size: 15px; text-align: justify;\"><strong>Posso trazer uma visita ou ter um convidado para ficar?<\/strong><\/p>\n<p style=\"font-size: 15px; text-align: justify; padding-left: 40px;\">Um <strong>visitante<\/strong> \u00e9 algu\u00e9m a quem o inquilino permite o acesso, mas que n\u00e3o pernoita nem utiliza os recursos do alojamento (equipamento de cozinha, chuveiros, etc.).<\/p>\n<p style=\"font-size: 15px; text-align: justify; padding-left: 40px;\">Um <strong>convidado<\/strong> \u00e9 algu\u00e9m que est\u00e1 a visitar e a permanecer na LXPOD, utilizando os seus recursos.<\/p>\n<p style=\"font-size: 15px; text-align: justify; padding-left: 40px;\">N\u00e3o supervisionamos as visitas e \u00e9 livre de trazer quem quiser, desde que respeite os seus colegas de casa e as regras gerais (barulho, etc.). Quanto aos h\u00f3spedes, as contas principais do apartamento est\u00e3o inclu\u00eddas e, como tal, n\u00e3o se espera que receba h\u00f3spedes. Somos flex\u00edveis ao ponto de autorizarmos h\u00f3spedes desde que recebamos o pedido com 48h de anteced\u00eancia e mediante o pagamento de uma taxa extra. N\u00e3o \u00e9 autorizado mais do que um h\u00f3spede por apartamento em simult\u00e2neo.<\/p>\n<p>&nbsp;<\/p>\n<p style=\"font-size: 15px; text-align: justify;\"><strong>Onde posso recolher o meu correio?<\/strong><\/p>\n<p style=\"font-size: 15px; text-align: justify; padding-left: 40px;\">Deixamo-lo no seu apartamento, na porta do seu quarto ou no andar de baixo, num dep\u00f3sito geral.<\/p>\n<p>&nbsp;<\/p>\n<p style=\"font-size: 15px; text-align: justify;\"><strong>E a Internet?<\/strong><\/p>\n<p style=\"font-size: 15px; text-align: justify; padding-left: 40px;\">O edif\u00edcio LxPod tem internet sem fios dispon\u00edvel em todas as instala\u00e7\u00f5es, sujeita \u00e0 disponibilidade de banda larga dos fornecedores, n\u00e3o nos responsabilizando por varia\u00e7\u00f5es ou incumprimentos no fornecimento desta comodidade (consulte o nosso <a href=\"https:\/\/lxpod.pt\/wp-content\/uploads\/2023\/05\/Modelo-de-Contrato-Model-of-contract.pdf\" target=\"_blank\" rel=\"noopener\"><br \/>\n  <strong>Contrato<\/strong><br \/>\n<\/a>).<\/p>\n<p>&nbsp;<\/p>\n<p style=\"font-size: 15px; text-align: justify;\"><strong>Com que equipamento est\u00e1 equipada a cozinha?<\/strong><\/p>\n<p style=\"font-size: 15px; text-align: justify; padding-left: 40px;\">Todos os apartamentos t\u00eam cozinhas equipadas: frigor\u00edfico, congelador, micro-ondas, placa de fog\u00e3o a g\u00e1s ou el\u00e9ctrica e os talheres e panelas b\u00e1sicos. Aten\u00e7\u00e3o que n\u00e3o h\u00e1 fornos! Poder\u00e3o existir outros equipamentos extra (torradeira, caldeira de \u00e1gua, etc.), mas isso depende da utiliza\u00e7\u00e3o dos \u00faltimos inquilinos, uma vez que s\u00f3 reequipamos as cozinhas uma vez por ano (normalmente em Agosto).<\/p>\n<p>&nbsp;<\/p>\n<p style=\"font-size: 15px; text-align: justify;\"><strong>Posso fumar?<\/strong><\/p>\n<p style=\"font-size: 15px; text-align: justify; padding-left: 40px;\">N\u00c3O, n\u00e3o \u00e9 permitido fumar dentro do seu quarto ou nas \u00e1reas comuns da propriedade LxPod, apenas nas varandas (quartos espec\u00edficos).<\/p>\n<p>&nbsp;<\/p>\n<p style=\"font-size: 15px; text-align: justify;\"><strong>Existe estacionamento dispon\u00edvel para os residentes?<\/strong><\/p>\n<p style=\"font-size: 15px; text-align: justify; padding-left: 40px;\">N\u00e3o, n\u00e3o existe um parque de estacionamento privado no local. Ambas as resid\u00eancias LxPod est\u00e3o na rota dos principais transportes p\u00fablicos, pelo que n\u00e3o precisa de carro. Na Ajuda, o estacionamento p\u00fablico na rua continua a ser gratuito. No Martim Moniz, existe um parque de estacionamento p\u00fablico na pra\u00e7a.<\/p>\n<p>&nbsp;<\/p>\n<p style=\"font-size: 15px; text-align: justify;\"><strong>Existe estacionamento para bicicletas?<\/strong><\/p>\n<p style=\"font-size: 15px; text-align: justify; padding-left: 40px;\">De momento, n\u00e3o. No entanto, no Martim Moniz, \u00e9 poss\u00edvel deix\u00e1-los no interior, na cave, por sua conta e risco, sem bloquear as sa\u00eddas de emerg\u00eancia.<\/p>\n<p>&nbsp;<\/p>\n<p style=\"font-size: 15px; text-align: justify;\"><strong>Posso levar um animal de estima\u00e7\u00e3o?<\/strong><\/p>\n<p style=\"font-size: 15px; text-align: justify; padding-left: 40px;\">Infelizmente, n\u00e3o s\u00e3o permitidos animais de estima\u00e7\u00e3o.<\/p>\n<p>&nbsp;<\/p>\n<p style=\"font-size: 15px; text-align: justify;\"><strong>\u00c9 fornecida roupa de cama no quarto?<\/strong><\/p>\n<p style=\"font-size: 15px; text-align: justify; padding-left: 40px;\">A roupa de cama \u00e9 fornecida gratuitamente na Ajuda.<br \/>\nNo Martim Moniz, \u00e9 fornecido mediante o pagamento de uma taxa extra.<br \/>\nEm ambos os casos, a roupa de cama deve ser devolvida lavada e perfeitamente limpa no momento do check-out.<\/p>\n<p>[\/vc_column_text][\/vc_column][\/vc_row]<\/p>\n<\/div>","protected":false},"excerpt":{"rendered":"<p>[vc_row css_animation=&#8221;&#8221; row_type=&#8221;row&#8221; use_row_as_full_screen_section=&#8221;no&#8221; type=&#8221;grid&#8221; angled_section=&#8221;no&#8221; text_align=&#8221;left&#8221; background_image_as_pattern=&#8221;without_pattern&#8221; background_color=&#8221;#ffffff&#8221; z_index=&#8221;&#8221; padding_bottom=&#8221;32&#8243; padding_top=&#8221;32&#8243;][vc_column][vc_column_text] FAQ [\/vc_column_text][vc_separator type=&#8221;small&#8221; position=&#8221;center&#8221;][vc_column_text] Como posso efectuar uma reserva? a) Ler estas FAQ e Contrato e Regulamento Interno para compreender todas as condi\u00e7\u00f5es b) Navegar no nosso s\u00edtio Web e seleccionar as suas&#8230;<\/p>\n","protected":false},"author":3,"featured_media":0,"parent":0,"menu_order":0,"comment_status":"open","ping_status":"open","template":"full_width.php","meta":{"footnotes":""},"class_list":["post-21835","page","type-page","status-publish","hentry"],"yoast_head":"<!-- This site is optimized with the Yoast SEO plugin v27.4 - https:\/\/yoast.com\/product\/yoast-seo-wordpress\/ -->\n<title>FAQ - LxPod<\/title>\n<meta name=\"robots\" content=\"index, follow, max-snippet:-1, max-image-preview:large, max-video-preview:-1\" \/>\n<link rel=\"canonical\" href=\"https:\/\/lxpod.pt\/pt-pt\/faq\/\" \/>\n<meta property=\"og:locale\" content=\"pt_PT\" \/>\n<meta property=\"og:type\" content=\"article\" \/>\n<meta property=\"og:title\" content=\"FAQ - LxPod\" \/>\n<meta property=\"og:description\" content=\"[vc_row css_animation=&#8221;&#8221; row_type=&#8221;row&#8221; use_row_as_full_screen_section=&#8221;no&#8221; type=&#8221;grid&#8221; angled_section=&#8221;no&#8221; text_align=&#8221;left&#8221; background_image_as_pattern=&#8221;without_pattern&#8221; background_color=&#8221;#ffffff&#8221; z_index=&#8221;&#8221; padding_bottom=&#8221;32&#8243; padding_top=&#8221;32&#8243;][vc_column][vc_column_text] FAQ [\/vc_column_text][vc_separator type=&#8221;small&#8221; position=&#8221;center&#8221;][vc_column_text] Como posso efectuar uma reserva? a) Ler estas FAQ e Contrato e Regulamento Interno para compreender todas as condi\u00e7\u00f5es b) Navegar no nosso s\u00edtio Web e seleccionar as suas...\" \/>\n<meta property=\"og:url\" content=\"https:\/\/lxpod.pt\/pt-pt\/faq\/\" \/>\n<meta property=\"og:site_name\" content=\"LxPod\" \/>\n<meta property=\"article:modified_time\" content=\"2023-06-12T14:49:10+00:00\" \/>\n<meta property=\"og:image\" content=\"https:\/\/lxpod.pt\/wp-content\/uploads\/2023\/02\/Lxpod-Logo-1.png\" \/>\n\t<meta property=\"og:image:width\" content=\"1489\" \/>\n\t<meta property=\"og:image:height\" content=\"521\" \/>\n\t<meta property=\"og:image:type\" content=\"image\/png\" \/>\n<meta name=\"twitter:card\" content=\"summary_large_image\" \/>\n<meta name=\"twitter:label1\" content=\"Tempo estimado de leitura\" \/>\n\t<meta name=\"twitter:data1\" content=\"5 minutos\" \/>\n<script type=\"application\/ld+json\" class=\"yoast-schema-graph\">{\"@context\":\"https:\\\/\\\/schema.org\",\"@graph\":[{\"@type\":\"WebPage\",\"@id\":\"https:\\\/\\\/lxpod.pt\\\/pt-pt\\\/faq\\\/\",\"url\":\"https:\\\/\\\/lxpod.pt\\\/pt-pt\\\/faq\\\/\",\"name\":\"FAQ - LxPod\",\"isPartOf\":{\"@id\":\"https:\\\/\\\/lxpod.pt\\\/pt-pt\\\/#website\"},\"datePublished\":\"2023-05-14T12:58:10+00:00\",\"dateModified\":\"2023-06-12T14:49:10+00:00\",\"breadcrumb\":{\"@id\":\"https:\\\/\\\/lxpod.pt\\\/pt-pt\\\/faq\\\/#breadcrumb\"},\"inLanguage\":\"pt-PT\",\"potentialAction\":[{\"@type\":\"ReadAction\",\"target\":[\"https:\\\/\\\/lxpod.pt\\\/pt-pt\\\/faq\\\/\"]}]},{\"@type\":\"BreadcrumbList\",\"@id\":\"https:\\\/\\\/lxpod.pt\\\/pt-pt\\\/faq\\\/#breadcrumb\",\"itemListElement\":[{\"@type\":\"ListItem\",\"position\":1,\"name\":\"Accueil\",\"item\":\"https:\\\/\\\/lxpod.pt\\\/pt-pt\\\/inicio\\\/\"},{\"@type\":\"ListItem\",\"position\":2,\"name\":\"FAQ\"}]},{\"@type\":\"WebSite\",\"@id\":\"https:\\\/\\\/lxpod.pt\\\/pt-pt\\\/#website\",\"url\":\"https:\\\/\\\/lxpod.pt\\\/pt-pt\\\/\",\"name\":\"LxPod\",\"description\":\"\",\"publisher\":{\"@id\":\"https:\\\/\\\/lxpod.pt\\\/pt-pt\\\/#organization\"},\"potentialAction\":[{\"@type\":\"SearchAction\",\"target\":{\"@type\":\"EntryPoint\",\"urlTemplate\":\"https:\\\/\\\/lxpod.pt\\\/pt-pt\\\/?s={search_term_string}\"},\"query-input\":{\"@type\":\"PropertyValueSpecification\",\"valueRequired\":true,\"valueName\":\"search_term_string\"}}],\"inLanguage\":\"pt-PT\"},{\"@type\":\"Organization\",\"@id\":\"https:\\\/\\\/lxpod.pt\\\/pt-pt\\\/#organization\",\"name\":\"LxPod\",\"url\":\"https:\\\/\\\/lxpod.pt\\\/pt-pt\\\/\",\"logo\":{\"@type\":\"ImageObject\",\"inLanguage\":\"pt-PT\",\"@id\":\"https:\\\/\\\/lxpod.pt\\\/pt-pt\\\/#\\\/schema\\\/logo\\\/image\\\/\",\"url\":\"https:\\\/\\\/lxpod.pt\\\/wp-content\\\/uploads\\\/2023\\\/02\\\/Lxpod-Favicon.png\",\"contentUrl\":\"https:\\\/\\\/lxpod.pt\\\/wp-content\\\/uploads\\\/2023\\\/02\\\/Lxpod-Favicon.png\",\"width\":136,\"height\":136,\"caption\":\"LxPod\"},\"image\":{\"@id\":\"https:\\\/\\\/lxpod.pt\\\/pt-pt\\\/#\\\/schema\\\/logo\\\/image\\\/\"}}]}<\/script>\n<!-- \/ Yoast SEO plugin. -->","yoast_head_json":{"title":"FAQ - LxPod","robots":{"index":"index","follow":"follow","max-snippet":"max-snippet:-1","max-image-preview":"max-image-preview:large","max-video-preview":"max-video-preview:-1"},"canonical":"https:\/\/lxpod.pt\/pt-pt\/faq\/","og_locale":"pt_PT","og_type":"article","og_title":"FAQ - LxPod","og_description":"[vc_row css_animation=&#8221;&#8221; row_type=&#8221;row&#8221; use_row_as_full_screen_section=&#8221;no&#8221; type=&#8221;grid&#8221; angled_section=&#8221;no&#8221; text_align=&#8221;left&#8221; background_image_as_pattern=&#8221;without_pattern&#8221; background_color=&#8221;#ffffff&#8221; z_index=&#8221;&#8221; padding_bottom=&#8221;32&#8243; padding_top=&#8221;32&#8243;][vc_column][vc_column_text] FAQ [\/vc_column_text][vc_separator type=&#8221;small&#8221; position=&#8221;center&#8221;][vc_column_text] Como posso efectuar uma reserva? a) Ler estas FAQ e Contrato e Regulamento Interno para compreender todas as condi\u00e7\u00f5es b) Navegar no nosso s\u00edtio Web e seleccionar as suas...","og_url":"https:\/\/lxpod.pt\/pt-pt\/faq\/","og_site_name":"LxPod","article_modified_time":"2023-06-12T14:49:10+00:00","og_image":[{"width":1489,"height":521,"url":"https:\/\/lxpod.pt\/wp-content\/uploads\/2023\/02\/Lxpod-Logo-1.png","type":"image\/png"}],"twitter_card":"summary_large_image","twitter_misc":{"Tempo estimado de leitura":"5 minutos"},"schema":{"@context":"https:\/\/schema.org","@graph":[{"@type":"WebPage","@id":"https:\/\/lxpod.pt\/pt-pt\/faq\/","url":"https:\/\/lxpod.pt\/pt-pt\/faq\/","name":"FAQ - LxPod","isPartOf":{"@id":"https:\/\/lxpod.pt\/pt-pt\/#website"},"datePublished":"2023-05-14T12:58:10+00:00","dateModified":"2023-06-12T14:49:10+00:00","breadcrumb":{"@id":"https:\/\/lxpod.pt\/pt-pt\/faq\/#breadcrumb"},"inLanguage":"pt-PT","potentialAction":[{"@type":"ReadAction","target":["https:\/\/lxpod.pt\/pt-pt\/faq\/"]}]},{"@type":"BreadcrumbList","@id":"https:\/\/lxpod.pt\/pt-pt\/faq\/#breadcrumb","itemListElement":[{"@type":"ListItem","position":1,"name":"Accueil","item":"https:\/\/lxpod.pt\/pt-pt\/inicio\/"},{"@type":"ListItem","position":2,"name":"FAQ"}]},{"@type":"WebSite","@id":"https:\/\/lxpod.pt\/pt-pt\/#website","url":"https:\/\/lxpod.pt\/pt-pt\/","name":"LxPod","description":"","publisher":{"@id":"https:\/\/lxpod.pt\/pt-pt\/#organization"},"potentialAction":[{"@type":"SearchAction","target":{"@type":"EntryPoint","urlTemplate":"https:\/\/lxpod.pt\/pt-pt\/?s={search_term_string}"},"query-input":{"@type":"PropertyValueSpecification","valueRequired":true,"valueName":"search_term_string"}}],"inLanguage":"pt-PT"},{"@type":"Organization","@id":"https:\/\/lxpod.pt\/pt-pt\/#organization","name":"LxPod","url":"https:\/\/lxpod.pt\/pt-pt\/","logo":{"@type":"ImageObject","inLanguage":"pt-PT","@id":"https:\/\/lxpod.pt\/pt-pt\/#\/schema\/logo\/image\/","url":"https:\/\/lxpod.pt\/wp-content\/uploads\/2023\/02\/Lxpod-Favicon.png","contentUrl":"https:\/\/lxpod.pt\/wp-content\/uploads\/2023\/02\/Lxpod-Favicon.png","width":136,"height":136,"caption":"LxPod"},"image":{"@id":"https:\/\/lxpod.pt\/pt-pt\/#\/schema\/logo\/image\/"}}]}},"_links":{"self":[{"href":"https:\/\/lxpod.pt\/pt-pt\/wp-json\/wp\/v2\/pages\/21835","targetHints":{"allow":["GET"]}}],"collection":[{"href":"https:\/\/lxpod.pt\/pt-pt\/wp-json\/wp\/v2\/pages"}],"about":[{"href":"https:\/\/lxpod.pt\/pt-pt\/wp-json\/wp\/v2\/types\/page"}],"author":[{"embeddable":true,"href":"https:\/\/lxpod.pt\/pt-pt\/wp-json\/wp\/v2\/users\/3"}],"replies":[{"embeddable":true,"href":"https:\/\/lxpod.pt\/pt-pt\/wp-json\/wp\/v2\/comments?post=21835"}],"version-history":[{"count":10,"href":"https:\/\/lxpod.pt\/pt-pt\/wp-json\/wp\/v2\/pages\/21835\/revisions"}],"predecessor-version":[{"id":21915,"href":"https:\/\/lxpod.pt\/pt-pt\/wp-json\/wp\/v2\/pages\/21835\/revisions\/21915"}],"wp:attachment":[{"href":"https:\/\/lxpod.pt\/pt-pt\/wp-json\/wp\/v2\/media?parent=21835"}],"curies":[{"name":"wp","href":"https:\/\/api.w.org\/{rel}","templated":true}]}}