{"id":23020,"date":"2014-03-28T10:11:36","date_gmt":"2014-03-28T09:11:36","guid":{"rendered":"https:\/\/lxpod.pt\/inicio\/"},"modified":"2026-01-22T16:49:41","modified_gmt":"2026-01-22T15:49:41","slug":"inicio","status":"publish","type":"page","link":"https:\/\/lxpod.pt\/pt-pt\/","title":{"rendered":"In\u00edcio"},"content":{"rendered":"<div class=\"wpb-content-wrapper\"><p>[vc_row css_animation=&#8221;&#8221; row_type=&#8221;row&#8221; use_row_as_full_screen_section=&#8221;no&#8221; type=&#8221;grid&#8221; angled_section=&#8221;no&#8221; text_align=&#8221;left&#8221; background_image_as_pattern=&#8221;without_pattern&#8221; background_color=&#8221;#ffffff&#8221; z_index=&#8221;&#8221; padding_bottom=&#8221;32&#8243; padding_top=&#8221;32&#8243;][vc_column][vc_column_text]<\/p>\n<h2 style=\"text-align: center;\">BEM-VINDO AO LXPOD<\/h2>\n<p>[\/vc_column_text][vc_separator type=&#8221;small&#8221; position=&#8221;center&#8221;][vc_column_text]<\/p>\n<p style=\"text-align: center; font-size: 15px;\"><strong>A Lxpod<\/strong> \u00e9 uma rede de resid\u00eancias para jovens que prop\u00f5e quartos elegantes com espa\u00e7os sociais partilhados, alugueres com despesas inclu\u00eddas em locais centrais de Lisboa. Oferece uma combina\u00e7\u00e3o de alojamentos privados de diferentes tamanhos, para todos os or\u00e7amentos, com cozinhas e casas de banho partilhadas, bem como \u00e1reas sociais.<\/p>\n<p>[\/vc_column_text][\/vc_column][\/vc_row][vc_row css_animation=&#8221;&#8221; row_type=&#8221;row&#8221; use_row_as_full_screen_section=&#8221;no&#8221; type=&#8221;grid&#8221; angled_section=&#8221;no&#8221; text_align=&#8221;left&#8221; background_image_as_pattern=&#8221;without_pattern&#8221; padding_bottom=&#8221;32&#8243; background_color=&#8221;#ffffff&#8221; z_index=&#8221;&#8221;][vc_column width=&#8221;1\/3&#8243;][vc_single_image image=&#8221;19071&#8243; img_size=&#8221;350x200px&#8221; alignment=&#8221;center&#8221; qode_css_animation=&#8221;&#8221;][vc_empty_space height=&#8221;12px&#8221;][\/vc_column][vc_column width=&#8221;2\/3&#8243;][vc_row_inner row_type=&#8221;row&#8221; type=&#8221;full_width&#8221; text_align=&#8221;center&#8221; css_animation=&#8221;&#8221;][vc_column_inner width=&#8221;1\/3&#8243;][vc_single_image image=&#8221;25141&#8243; img_size=&#8221;full&#8221; alignment=&#8221;center&#8221; css=&#8221;&#8221; qode_css_animation=&#8221;&#8221;][\/vc_column_inner][vc_column_inner width=&#8221;1\/3&#8243;][\/vc_column_inner][vc_column_inner width=&#8221;1\/3&#8243;][vc_column_text css=&#8221;&#8221;]<span style=\"color: #000000;\"><strong>A partir de 350\u20ac por m\u00eas, com tudo inclu\u00eddo<\/strong><\/span>[\/vc_column_text][\/vc_column_inner][\/vc_row_inner][vc_separator type=&#8221;normal&#8221; thickness=&#8221;2&#8243;][vc_column_text css=&#8221;&#8221;]O LXPOD Rossio \u00e9 composto por 8 apartamentos, com um total de 40 quartos.[\/vc_column_text][vc_separator type=&#8221;normal&#8221; thickness=&#8221;2&#8243;][vc_column_text css=&#8221;&#8221;]<strong><span style=\"color: #000000;\">Queres saber mais sobre as instala\u00e7\u00f5es do alojamento para jovens L\u0445pod Rossio?<\/span><\/strong>[\/vc_column_text]\n\n\t<a href=\"https:\/\/lxpod.pt\/residence-rossio\/\" target=\"_blank\" style=\"color: #255bed\" class=\"qode-btn qode-btn-medium qode-btn-simple qode-btn-default-hover\"  >\n\t    <span class=\"qode-btn-text\">Saiba mais &gt;<\/span>\t<\/a>\n\n[\/vc_column][\/vc_row][vc_row css_animation=&#8221;&#8221; row_type=&#8221;row&#8221; use_row_as_full_screen_section=&#8221;no&#8221; type=&#8221;grid&#8221; angled_section=&#8221;no&#8221; text_align=&#8221;left&#8221; background_image_as_pattern=&#8221;without_pattern&#8221; padding_bottom=&#8221;32&#8243; background_color=&#8221;#ffffff&#8221; z_index=&#8221;&#8221;][vc_column width=&#8221;1\/3&#8243;][vc_single_image image=&#8221;23464&#8243; img_size=&#8221;350x200px&#8221; alignment=&#8221;center&#8221; qode_css_animation=&#8221;&#8221;][vc_empty_space height=&#8221;12px&#8221;][\/vc_column][vc_column width=&#8221;2\/3&#8243;][vc_row_inner row_type=&#8221;row&#8221; type=&#8221;full_width&#8221; text_align=&#8221;center&#8221; css_animation=&#8221;&#8221;][vc_column_inner width=&#8221;1\/3&#8243;][vc_single_image image=&#8221;23471&#8243; img_size=&#8221;full&#8221; alignment=&#8221;center&#8221; qode_css_animation=&#8221;&#8221;][\/vc_column_inner][vc_column_inner width=&#8221;1\/3&#8243;][\/vc_column_inner][vc_column_inner width=&#8221;1\/3&#8243;][vc_column_text]<span style=\"color: #000000;\"><strong>A partir de 500\u20ac por m\u00eas, com tudo inclu\u00eddo<\/strong><\/span>[\/vc_column_text][\/vc_column_inner][\/vc_row_inner][vc_separator type=&#8221;normal&#8221; thickness=&#8221;2&#8243;][vc_column_text]O LXPOD Marqu\u00eas \u00e9 um apartamento individual perto da Pra\u00e7a Marqu\u00eas de Pombal, composto por 5 quartos.[\/vc_column_text][vc_separator type=&#8221;normal&#8221; thickness=&#8221;2&#8243;][vc_column_text]<strong><span style=\"color: #000000;\">Queres saber mais sobre as instala\u00e7\u00f5es do alojamento para jovens L\u0445pod Marques?<\/span><\/strong>[\/vc_column_text]\n\n\t<a href=\"https:\/\/lxpod.pt\/residence-marques\/\" target=\"_blank\" style=\"color: #255bed\" class=\"qode-btn qode-btn-medium qode-btn-simple qode-btn-default-hover\"  >\n\t    <span class=\"qode-btn-text\">Saiba mais &gt;<\/span>\t<\/a>\n\n[vc_empty_space height=&#8221;64px&#8221;][\/vc_column][\/vc_row]<\/p>\n<\/div>","protected":false},"excerpt":{"rendered":"<p>[vc_row css_animation=&#8221;&#8221; row_type=&#8221;row&#8221; use_row_as_full_screen_section=&#8221;no&#8221; type=&#8221;grid&#8221; angled_section=&#8221;no&#8221; text_align=&#8221;left&#8221; background_image_as_pattern=&#8221;without_pattern&#8221; background_color=&#8221;#ffffff&#8221; z_index=&#8221;&#8221; padding_bottom=&#8221;32&#8243; padding_top=&#8221;32&#8243;][vc_column][vc_column_text] BEM-VINDO AO LXPOD [\/vc_column_text][vc_separator type=&#8221;small&#8221; position=&#8221;center&#8221;][vc_column_text] A Lxpod \u00e9 uma rede de resid\u00eancias para jovens que prop\u00f5e quartos elegantes com espa\u00e7os sociais partilhados, alugueres com despesas inclu\u00eddas em locais centrais de Lisboa. Oferece&#8230;<\/p>\n","protected":false},"author":3,"featured_media":0,"parent":0,"menu_order":0,"comment_status":"open","ping_status":"open","template":"full_width.php","meta":{"footnotes":""},"class_list":["post-23020","page","type-page","status-publish","hentry"],"yoast_head":"<!-- This site is optimized with the Yoast SEO plugin v27.2 - https:\/\/yoast.com\/product\/yoast-seo-wordpress\/ -->\n<title>In\u00edcio - LxPod<\/title>\n<meta name=\"description\" content=\"A Lxpod \u00e9 uma rede de resid\u00eancias para jovens que prop\u00f5e quartos elegantes com espa\u00e7os sociais partilhados, rendas com depesas inclu\u00eddas em locais centrais de Lisboa.\" \/>\n<meta name=\"robots\" content=\"index, follow, max-snippet:-1, max-image-preview:large, max-video-preview:-1\" \/>\n<link rel=\"canonical\" href=\"https:\/\/lxpod.pt\/pt-pt\/\" \/>\n<meta property=\"og:locale\" content=\"pt_PT\" \/>\n<meta property=\"og:type\" content=\"article\" \/>\n<meta property=\"og:title\" content=\"In\u00edcio - LxPod\" \/>\n<meta property=\"og:description\" content=\"A Lxpod \u00e9 uma rede de resid\u00eancias para jovens que prop\u00f5e quartos elegantes com espa\u00e7os sociais partilhados, rendas com depesas inclu\u00eddas em locais centrais de Lisboa.\" \/>\n<meta property=\"og:url\" content=\"https:\/\/lxpod.pt\/pt-pt\/\" \/>\n<meta property=\"og:site_name\" content=\"LxPod\" \/>\n<meta property=\"article:modified_time\" content=\"2026-01-22T15:49:41+00:00\" \/>\n<meta property=\"og:image\" content=\"https:\/\/lxpod.pt\/wp-content\/uploads\/2023\/02\/Lxpod-Logo-1.png\" \/>\n\t<meta property=\"og:image:width\" content=\"1489\" \/>\n\t<meta property=\"og:image:height\" content=\"521\" \/>\n\t<meta property=\"og:image:type\" content=\"image\/png\" \/>\n<meta name=\"twitter:card\" content=\"summary_large_image\" \/>\n<meta name=\"twitter:label1\" content=\"Tempo estimado de leitura\" \/>\n\t<meta name=\"twitter:data1\" content=\"2 minutos\" \/>\n<script type=\"application\/ld+json\" class=\"yoast-schema-graph\">{\"@context\":\"https:\/\/schema.org\",\"@graph\":[{\"@type\":\"WebPage\",\"@id\":\"https:\/\/lxpod.pt\/pt-pt\/\",\"url\":\"https:\/\/lxpod.pt\/pt-pt\/\",\"name\":\"In\u00edcio - LxPod\",\"isPartOf\":{\"@id\":\"https:\/\/lxpod.pt\/pt-pt\/#website\"},\"datePublished\":\"2014-03-28T09:11:36+00:00\",\"dateModified\":\"2026-01-22T15:49:41+00:00\",\"description\":\"A Lxpod \u00e9 uma rede de resid\u00eancias para jovens que prop\u00f5e quartos elegantes com espa\u00e7os sociais partilhados, rendas com depesas inclu\u00eddas em locais centrais de Lisboa.\",\"breadcrumb\":{\"@id\":\"https:\/\/lxpod.pt\/pt-pt\/#breadcrumb\"},\"inLanguage\":\"pt-PT\",\"potentialAction\":[{\"@type\":\"ReadAction\",\"target\":[\"https:\/\/lxpod.pt\/pt-pt\/\"]}]},{\"@type\":\"BreadcrumbList\",\"@id\":\"https:\/\/lxpod.pt\/pt-pt\/#breadcrumb\",\"itemListElement\":[{\"@type\":\"ListItem\",\"position\":1,\"name\":\"Accueil\",\"item\":\"https:\/\/lxpod.pt\/pt-pt\/inicio\/\"},{\"@type\":\"ListItem\",\"position\":2,\"name\":\"In\u00edcio\"}]},{\"@type\":\"WebSite\",\"@id\":\"https:\/\/lxpod.pt\/pt-pt\/#website\",\"url\":\"https:\/\/lxpod.pt\/pt-pt\/\",\"name\":\"LxPod\",\"description\":\"\",\"publisher\":{\"@id\":\"https:\/\/lxpod.pt\/pt-pt\/#organization\"},\"potentialAction\":[{\"@type\":\"SearchAction\",\"target\":{\"@type\":\"EntryPoint\",\"urlTemplate\":\"https:\/\/lxpod.pt\/pt-pt\/?s={search_term_string}\"},\"query-input\":{\"@type\":\"PropertyValueSpecification\",\"valueRequired\":true,\"valueName\":\"search_term_string\"}}],\"inLanguage\":\"pt-PT\"},{\"@type\":\"Organization\",\"@id\":\"https:\/\/lxpod.pt\/pt-pt\/#organization\",\"name\":\"LxPod\",\"url\":\"https:\/\/lxpod.pt\/pt-pt\/\",\"logo\":{\"@type\":\"ImageObject\",\"inLanguage\":\"pt-PT\",\"@id\":\"https:\/\/lxpod.pt\/pt-pt\/#\/schema\/logo\/image\/\",\"url\":\"https:\/\/lxpod.pt\/wp-content\/uploads\/2023\/02\/Lxpod-Favicon.png\",\"contentUrl\":\"https:\/\/lxpod.pt\/wp-content\/uploads\/2023\/02\/Lxpod-Favicon.png\",\"width\":136,\"height\":136,\"caption\":\"LxPod\"},\"image\":{\"@id\":\"https:\/\/lxpod.pt\/pt-pt\/#\/schema\/logo\/image\/\"}}]}<\/script>\n<!-- \/ Yoast SEO plugin. -->","yoast_head_json":{"title":"In\u00edcio - LxPod","description":"A Lxpod \u00e9 uma rede de resid\u00eancias para jovens que prop\u00f5e quartos elegantes com espa\u00e7os sociais partilhados, rendas com depesas inclu\u00eddas em locais centrais de Lisboa.","robots":{"index":"index","follow":"follow","max-snippet":"max-snippet:-1","max-image-preview":"max-image-preview:large","max-video-preview":"max-video-preview:-1"},"canonical":"https:\/\/lxpod.pt\/pt-pt\/","og_locale":"pt_PT","og_type":"article","og_title":"In\u00edcio - LxPod","og_description":"A Lxpod \u00e9 uma rede de resid\u00eancias para jovens que prop\u00f5e quartos elegantes com espa\u00e7os sociais partilhados, rendas com depesas inclu\u00eddas em locais centrais de Lisboa.","og_url":"https:\/\/lxpod.pt\/pt-pt\/","og_site_name":"LxPod","article_modified_time":"2026-01-22T15:49:41+00:00","og_image":[{"width":1489,"height":521,"url":"https:\/\/lxpod.pt\/wp-content\/uploads\/2023\/02\/Lxpod-Logo-1.png","type":"image\/png"}],"twitter_card":"summary_large_image","twitter_misc":{"Tempo estimado de leitura":"2 minutos"},"schema":{"@context":"https:\/\/schema.org","@graph":[{"@type":"WebPage","@id":"https:\/\/lxpod.pt\/pt-pt\/","url":"https:\/\/lxpod.pt\/pt-pt\/","name":"In\u00edcio - LxPod","isPartOf":{"@id":"https:\/\/lxpod.pt\/pt-pt\/#website"},"datePublished":"2014-03-28T09:11:36+00:00","dateModified":"2026-01-22T15:49:41+00:00","description":"A Lxpod \u00e9 uma rede de resid\u00eancias para jovens que prop\u00f5e quartos elegantes com espa\u00e7os sociais partilhados, rendas com depesas inclu\u00eddas em locais centrais de Lisboa.","breadcrumb":{"@id":"https:\/\/lxpod.pt\/pt-pt\/#breadcrumb"},"inLanguage":"pt-PT","potentialAction":[{"@type":"ReadAction","target":["https:\/\/lxpod.pt\/pt-pt\/"]}]},{"@type":"BreadcrumbList","@id":"https:\/\/lxpod.pt\/pt-pt\/#breadcrumb","itemListElement":[{"@type":"ListItem","position":1,"name":"Accueil","item":"https:\/\/lxpod.pt\/pt-pt\/inicio\/"},{"@type":"ListItem","position":2,"name":"In\u00edcio"}]},{"@type":"WebSite","@id":"https:\/\/lxpod.pt\/pt-pt\/#website","url":"https:\/\/lxpod.pt\/pt-pt\/","name":"LxPod","description":"","publisher":{"@id":"https:\/\/lxpod.pt\/pt-pt\/#organization"},"potentialAction":[{"@type":"SearchAction","target":{"@type":"EntryPoint","urlTemplate":"https:\/\/lxpod.pt\/pt-pt\/?s={search_term_string}"},"query-input":{"@type":"PropertyValueSpecification","valueRequired":true,"valueName":"search_term_string"}}],"inLanguage":"pt-PT"},{"@type":"Organization","@id":"https:\/\/lxpod.pt\/pt-pt\/#organization","name":"LxPod","url":"https:\/\/lxpod.pt\/pt-pt\/","logo":{"@type":"ImageObject","inLanguage":"pt-PT","@id":"https:\/\/lxpod.pt\/pt-pt\/#\/schema\/logo\/image\/","url":"https:\/\/lxpod.pt\/wp-content\/uploads\/2023\/02\/Lxpod-Favicon.png","contentUrl":"https:\/\/lxpod.pt\/wp-content\/uploads\/2023\/02\/Lxpod-Favicon.png","width":136,"height":136,"caption":"LxPod"},"image":{"@id":"https:\/\/lxpod.pt\/pt-pt\/#\/schema\/logo\/image\/"}}]}},"_links":{"self":[{"href":"https:\/\/lxpod.pt\/pt-pt\/wp-json\/wp\/v2\/pages\/23020","targetHints":{"allow":["GET"]}}],"collection":[{"href":"https:\/\/lxpod.pt\/pt-pt\/wp-json\/wp\/v2\/pages"}],"about":[{"href":"https:\/\/lxpod.pt\/pt-pt\/wp-json\/wp\/v2\/types\/page"}],"author":[{"embeddable":true,"href":"https:\/\/lxpod.pt\/pt-pt\/wp-json\/wp\/v2\/users\/3"}],"replies":[{"embeddable":true,"href":"https:\/\/lxpod.pt\/pt-pt\/wp-json\/wp\/v2\/comments?post=23020"}],"version-history":[{"count":31,"href":"https:\/\/lxpod.pt\/pt-pt\/wp-json\/wp\/v2\/pages\/23020\/revisions"}],"predecessor-version":[{"id":25428,"href":"https:\/\/lxpod.pt\/pt-pt\/wp-json\/wp\/v2\/pages\/23020\/revisions\/25428"}],"wp:attachment":[{"href":"https:\/\/lxpod.pt\/pt-pt\/wp-json\/wp\/v2\/media?parent=23020"}],"curies":[{"name":"wp","href":"https:\/\/api.w.org\/{rel}","templated":true}]}}